{"id":146,"date":"2015-10-10T03:06:41","date_gmt":"2015-10-10T00:06:41","guid":{"rendered":"https:\/\/www.roussas.gr\/?page_id=146&#038;lang=fr"},"modified":"2016-10-10T17:44:29","modified_gmt":"2016-10-10T14:44:29","slug":"certification","status":"publish","type":"page","link":"https:\/\/www.roussas.gr\/fr\/certification\/","title":{"rendered":"Certification"},"content":{"rendered":"<p>Tous nos proc\u00e9d\u00e9s sont certifi\u00e9s ISO 9001, ISO 22000, IFS et BRC et nos produits sont consid\u00e9r\u00e9s comme les r\u00e9f\u00e9rents de l\u2019industrie grecque du fromage. Tous les produits AOP sont agr\u00e9\u00e9s AGROCERT, l\u2019agence publique de certification et de contr\u00f4le des produits agricoles. Nos produits bio sont certifi\u00e9s par DIO, l\u2019agence leader en mati\u00e8re de contr\u00f4le et de certification de la production biologique. <\/p>\n<p><a href=\"https:\/\/roussas.gr\/wp-content\/uploads\/2015\/10\/logos.jpg\"><img loading=\"lazy\" decoding=\"async\" class=\"alignnone wp-image-144 size-full\" src=\"https:\/\/roussas.gr\/wp-content\/uploads\/2015\/10\/logos.jpg\" alt=\"logos\" width=\"1200\" height=\"149\" srcset=\"https:\/\/www.roussas.gr\/wp-content\/uploads\/2015\/10\/logos.jpg 1200w, https:\/\/www.roussas.gr\/wp-content\/uploads\/2015\/10\/logos-300x37.jpg 300w, https:\/\/www.roussas.gr\/wp-content\/uploads\/2015\/10\/logos-640x79.jpg 640w, https:\/\/www.roussas.gr\/wp-content\/uploads\/2015\/10\/logos-960x119.jpg 960w\" sizes=\"auto, (max-width: 1200px) 100vw, 1200px\" \/><\/a><\/p>\n","protected":false},"excerpt":{"rendered":"<p>Tous nos proc\u00e9d\u00e9s sont certifi\u00e9s ISO 9001, ISO 22000, IFS et BRC et nos produits sont consid\u00e9r\u00e9s comme les r\u00e9f\u00e9rents de l\u2019industrie grecque du fromage. Tous les produits AOP sont agr\u00e9\u00e9s AGROCERT, l\u2019agence publique de certification et de contr\u00f4le des produits agricoles. Nos produits bio sont certifi\u00e9s par DIO, l\u2019agence leader en mati\u00e8re de contr\u00f4le [&hellip;]<\/p>\n","protected":false},"author":2,"featured_media":192,"parent":0,"menu_order":0,"comment_status":"closed","ping_status":"closed","template":"","meta":{"footnotes":""},"class_list":["post-146","page","type-page","status-publish","has-post-thumbnail","hentry"],"_links":{"self":[{"href":"https:\/\/www.roussas.gr\/fr\/wp-json\/wp\/v2\/pages\/146","targetHints":{"allow":["GET"]}}],"collection":[{"href":"https:\/\/www.roussas.gr\/fr\/wp-json\/wp\/v2\/pages"}],"about":[{"href":"https:\/\/www.roussas.gr\/fr\/wp-json\/wp\/v2\/types\/page"}],"author":[{"embeddable":true,"href":"https:\/\/www.roussas.gr\/fr\/wp-json\/wp\/v2\/users\/2"}],"replies":[{"embeddable":true,"href":"https:\/\/www.roussas.gr\/fr\/wp-json\/wp\/v2\/comments?post=146"}],"version-history":[{"count":1,"href":"https:\/\/www.roussas.gr\/fr\/wp-json\/wp\/v2\/pages\/146\/revisions"}],"predecessor-version":[{"id":148,"href":"https:\/\/www.roussas.gr\/fr\/wp-json\/wp\/v2\/pages\/146\/revisions\/148"}],"wp:featuredmedia":[{"embeddable":true,"href":"https:\/\/www.roussas.gr\/fr\/wp-json\/wp\/v2\/media\/192"}],"wp:attachment":[{"href":"https:\/\/www.roussas.gr\/fr\/wp-json\/wp\/v2\/media?parent=146"}],"curies":[{"name":"wp","href":"https:\/\/api.w.org\/{rel}","templated":true}]}}