{"id":335,"date":"2015-10-10T02:00:54","date_gmt":"2015-10-09T23:00:54","guid":{"rendered":"https:\/\/www.roussas.gr\/home-page\/?lang=fr"},"modified":"2019-05-16T09:42:39","modified_gmt":"2019-05-16T06:42:39","slug":"home","status":"publish","type":"page","link":"https:\/\/www.roussas.gr\/fr\/","title":{"rendered":"Home"},"content":{"rendered":"<p>La Laiterie Roussas a \u00e9t\u00e9 fond\u00e9e en 1952 par la famille Roussas et depuis, elle demeure sp\u00e9cialis\u00e9e dans la production du fromage f\u00e9ta.<br \/>\nAfin d\u2019obtenir un produit v\u00e9ritablement authentique, \u00e0 la saveur sans rival, la famille a adopt\u00e9 les proc\u00e9d\u00e9s traditionnels de production. En outre, ses secrets ont \u00e9t\u00e9 transmis de p\u00e8re en fils, anciens nomades, les Sarakatsani, qui durant des si\u00e8cles arpentaient les montagnes de Gr\u00e8ce centrale avec leurs troupeaux.<\/p>\n","protected":false},"excerpt":{"rendered":"<p>La Laiterie Roussas a \u00e9t\u00e9 fond\u00e9e en 1952 par la famille Roussas et depuis, elle demeure sp\u00e9cialis\u00e9e dans la production du fromage f\u00e9ta. Afin d\u2019obtenir un produit v\u00e9ritablement authentique, \u00e0 la saveur sans rival, la famille a adopt\u00e9 les proc\u00e9d\u00e9s traditionnels de production. En outre, ses secrets ont \u00e9t\u00e9 transmis de p\u00e8re en fils, anciens [&hellip;]<\/p>\n","protected":false},"author":1,"featured_media":156,"parent":0,"menu_order":0,"comment_status":"closed","ping_status":"closed","template":"template-home-page.php","meta":{"footnotes":""},"class_list":["post-335","page","type-page","status-publish","has-post-thumbnail","hentry"],"_links":{"self":[{"href":"https:\/\/www.roussas.gr\/fr\/wp-json\/wp\/v2\/pages\/335","targetHints":{"allow":["GET"]}}],"collection":[{"href":"https:\/\/www.roussas.gr\/fr\/wp-json\/wp\/v2\/pages"}],"about":[{"href":"https:\/\/www.roussas.gr\/fr\/wp-json\/wp\/v2\/types\/page"}],"author":[{"embeddable":true,"href":"https:\/\/www.roussas.gr\/fr\/wp-json\/wp\/v2\/users\/1"}],"replies":[{"embeddable":true,"href":"https:\/\/www.roussas.gr\/fr\/wp-json\/wp\/v2\/comments?post=335"}],"version-history":[{"count":3,"href":"https:\/\/www.roussas.gr\/fr\/wp-json\/wp\/v2\/pages\/335\/revisions"}],"predecessor-version":[{"id":686,"href":"https:\/\/www.roussas.gr\/fr\/wp-json\/wp\/v2\/pages\/335\/revisions\/686"}],"wp:featuredmedia":[{"embeddable":true,"href":"https:\/\/www.roussas.gr\/fr\/wp-json\/wp\/v2\/media\/156"}],"wp:attachment":[{"href":"https:\/\/www.roussas.gr\/fr\/wp-json\/wp\/v2\/media?parent=335"}],"curies":[{"name":"wp","href":"https:\/\/api.w.org\/{rel}","templated":true}]}}