{"id":345,"date":"2015-10-10T03:05:39","date_gmt":"2015-10-10T00:05:39","guid":{"rendered":"https:\/\/www.roussas.gr\/fr\/flexibility-of-packaging\/"},"modified":"2016-10-11T16:28:31","modified_gmt":"2016-10-11T13:28:31","slug":"flexibilite-de-lemballage","status":"publish","type":"page","link":"https:\/\/www.roussas.gr\/fr\/flexibilite-de-lemballage\/","title":{"rendered":"Flexibilit\u00e9 de l\u2019emballage"},"content":{"rendered":"<p>Pr\u00e9sents sur le march\u00e9 domestique et international, nous proposons une large gamme de conditionnements qui r\u00e9pondent \u00e0 toutes les exigences de nos clients. De l\u2019emballage 100g sous vide ou sous atmosph\u00e8re protectrice (MAP), aux emballages de vente au d\u00e9tail ou traiteur en saumure ou en huile, aux conditionnements de vente en vrac, en conserve de 15kg ou en barils en bois de 60kg. En \u00e9troite collaboration avec nos clients, nous adaptons le conditionnement et la pr\u00e9sentation pour r\u00e9pondre aux besoins sp\u00e9cifiques du client d\u00e9termin\u00e9s sur la base du marketing et des pr\u00e9f\u00e9rences des consommateurs. Nous personnalisons le conditionnement afin d\u2019offrir une fonctionnalit\u00e9 et une pr\u00e9sentation optimales tout en pr\u00e9servant et en am\u00e9liorant les qualit\u00e9s nutritionnelles de nos produits. L\u2019utilisation d\u2019\u00e9quipements \u00e0 la pointe de la technologie nous permet de modifier l\u2019emballage individuel pour l\u2019adapter aux exigences. Ainsi, le client a la possibilit\u00e9 de choisir parmi toute une palette d\u2019options concernant les d\u00e9tails de l\u2019emballage tels que les mat\u00e9riaux, la couleur, l\u2019\u00e9paisseur, l\u2019emballage que l\u2019on peut refermer ou celui qui s\u2019ouvre facilement, entre autres. Nos \u00e9tudes de march\u00e9 permanentes orientent le d\u00e9veloppement de nouveaux produits qui r\u00e9pondent aux besoins actuels et vont \u00e0 la rencontre des tendances \u00e9mergeantes.  <\/p>\n","protected":false},"excerpt":{"rendered":"<p>Pr\u00e9sents sur le march\u00e9 domestique et international, nous proposons une large gamme de conditionnements qui r\u00e9pondent \u00e0 toutes les exigences de nos clients. De l\u2019emballage 100g sous vide ou sous atmosph\u00e8re protectrice (MAP), aux emballages de vente au d\u00e9tail ou traiteur en saumure ou en huile, aux conditionnements de vente en vrac, en conserve de [&hellip;]<\/p>\n","protected":false},"author":1,"featured_media":714,"parent":0,"menu_order":0,"comment_status":"closed","ping_status":"closed","template":"","meta":{"footnotes":""},"class_list":["post-345","page","type-page","status-publish","has-post-thumbnail","hentry"],"_links":{"self":[{"href":"https:\/\/www.roussas.gr\/fr\/wp-json\/wp\/v2\/pages\/345","targetHints":{"allow":["GET"]}}],"collection":[{"href":"https:\/\/www.roussas.gr\/fr\/wp-json\/wp\/v2\/pages"}],"about":[{"href":"https:\/\/www.roussas.gr\/fr\/wp-json\/wp\/v2\/types\/page"}],"author":[{"embeddable":true,"href":"https:\/\/www.roussas.gr\/fr\/wp-json\/wp\/v2\/users\/1"}],"replies":[{"embeddable":true,"href":"https:\/\/www.roussas.gr\/fr\/wp-json\/wp\/v2\/comments?post=345"}],"version-history":[{"count":2,"href":"https:\/\/www.roussas.gr\/fr\/wp-json\/wp\/v2\/pages\/345\/revisions"}],"predecessor-version":[{"id":532,"href":"https:\/\/www.roussas.gr\/fr\/wp-json\/wp\/v2\/pages\/345\/revisions\/532"}],"wp:featuredmedia":[{"embeddable":true,"href":"https:\/\/www.roussas.gr\/fr\/wp-json\/wp\/v2\/media\/714"}],"wp:attachment":[{"href":"https:\/\/www.roussas.gr\/fr\/wp-json\/wp\/v2\/media?parent=345"}],"curies":[{"name":"wp","href":"https:\/\/api.w.org\/{rel}","templated":true}]}}