{"id":355,"date":"2015-10-10T03:04:42","date_gmt":"2015-10-10T00:04:42","guid":{"rendered":"https:\/\/www.roussas.gr\/fr\/technology-human-resources\/"},"modified":"2016-10-11T16:29:01","modified_gmt":"2016-10-11T13:29:01","slug":"technologie-ressources-humaines","status":"publish","type":"page","link":"https:\/\/www.roussas.gr\/fr\/technologie-ressources-humaines\/","title":{"rendered":"Technologie &#038; ressources humaines"},"content":{"rendered":"<p>Nous n\u2019\u00e9pargnons aucun effort ni d\u00e9pense pour maintenir la puret\u00e9 et l\u2019authenticit\u00e9 de nos produits, leur saveur distincte, l\u2019ar\u00f4me et la qualit\u00e9 \u2013 notamment en ce qui concerne la f\u00e9ta, qui est le fromage grec par excellence:<\/p>\n<ul>\n<li>Gr\u00e2ce \u00e0 notre \u00e9quipe de scientifiques tri\u00e9s sur le volet qui suivent chacun des aspects du processus de fabrication du fromage, garantissant la mise en \u0153uvre du contr\u00f4le total de la qualit\u00e9, de la mati\u00e8re premi\u00e8re au produit fini ;<\/li>\n<li>En prodiguant une formation permanente \u00e0 tous nos employ\u00e9s, afin de suivre en permanence tous les d\u00e9veloppements dans l\u2019industrie du fromage ;<\/li>\n<li>En investissant constamment dans la recherche et le d\u00e9veloppement ;<\/li>\n<li>En coop\u00e9rant exclusivement avec des fournisseurs de lait qui partagent notre philosophie et qui adh\u00e8rent \u00e0 nos pratiques et \u00e0 nos normes.<\/li>\n<\/ul>\n<p>Les proc\u00e9d\u00e9s traditionnels de production de la f\u00e9ta coexistent avec des \u00e9quipements \u00e0 la pointe de la technologie, des sp\u00e9cifications modernes en mati\u00e8re d\u2019hygi\u00e8ne et le d\u00e9vouement de la famille \u00e0 la production de produits de qualit\u00e9 sup\u00e9rieure. Gr\u00e2ce aux technologies les plus modernes et les plus pointues ainsi qu\u2019aux syst\u00e8mes modernes en mati\u00e8re de s\u00e9curit\u00e9 alimentaire, non seulement nous sommes en mesure de produire les m\u00eames produits fromagers traditionnels grecs de qualit\u00e9 sup\u00e9rieure que nos anc\u00eatres produisaient mais, en outre, nous pouvons am\u00e9liorer et \u00e9tendre la dur\u00e9e de conservation de nos produits.<\/p>\n","protected":false},"excerpt":{"rendered":"<p>Nous n\u2019\u00e9pargnons aucun effort ni d\u00e9pense pour maintenir la puret\u00e9 et l\u2019authenticit\u00e9 de nos produits, leur saveur distincte, l\u2019ar\u00f4me et la qualit\u00e9 \u2013 notamment en ce qui concerne la f\u00e9ta, qui est le fromage grec par excellence: Gr\u00e2ce \u00e0 notre \u00e9quipe de scientifiques tri\u00e9s sur le volet qui suivent chacun des aspects du processus de [&hellip;]<\/p>\n","protected":false},"author":1,"featured_media":186,"parent":0,"menu_order":0,"comment_status":"closed","ping_status":"closed","template":"","meta":{"footnotes":""},"class_list":["post-355","page","type-page","status-publish","has-post-thumbnail","hentry"],"_links":{"self":[{"href":"https:\/\/www.roussas.gr\/fr\/wp-json\/wp\/v2\/pages\/355","targetHints":{"allow":["GET"]}}],"collection":[{"href":"https:\/\/www.roussas.gr\/fr\/wp-json\/wp\/v2\/pages"}],"about":[{"href":"https:\/\/www.roussas.gr\/fr\/wp-json\/wp\/v2\/types\/page"}],"author":[{"embeddable":true,"href":"https:\/\/www.roussas.gr\/fr\/wp-json\/wp\/v2\/users\/1"}],"replies":[{"embeddable":true,"href":"https:\/\/www.roussas.gr\/fr\/wp-json\/wp\/v2\/comments?post=355"}],"version-history":[{"count":4,"href":"https:\/\/www.roussas.gr\/fr\/wp-json\/wp\/v2\/pages\/355\/revisions"}],"predecessor-version":[{"id":533,"href":"https:\/\/www.roussas.gr\/fr\/wp-json\/wp\/v2\/pages\/355\/revisions\/533"}],"wp:featuredmedia":[{"embeddable":true,"href":"https:\/\/www.roussas.gr\/fr\/wp-json\/wp\/v2\/media\/186"}],"wp:attachment":[{"href":"https:\/\/www.roussas.gr\/fr\/wp-json\/wp\/v2\/media?parent=355"}],"curies":[{"name":"wp","href":"https:\/\/api.w.org\/{rel}","templated":true}]}}