{"id":379,"date":"2015-10-10T02:49:22","date_gmt":"2015-10-09T23:49:22","guid":{"rendered":"https:\/\/www.roussas.gr\/fr\/specialties\/"},"modified":"2016-10-11T16:29:46","modified_gmt":"2016-10-11T13:29:46","slug":"specialites","status":"publish","type":"page","link":"https:\/\/www.roussas.gr\/fr\/specialites\/","title":{"rendered":"Sp\u00e9cialit\u00e9s"},"content":{"rendered":"<h4>Bio<\/h4>\n<p>La laiterie est fi\u00e8re d\u2019avoir adopt\u00e9 les principes de la production biologique d\u00e8s les premiers pas de l\u2019agriculture biologique en Gr\u00e8ce. De nos jours, la production bio devient de plus en plus populaire, les consommateurs \u00e9tant de plus en plus conscients et sensibles sur les proc\u00e9d\u00e9s mis en \u0153uvre pour produire les aliments. Les produits laitiers bio sont pr\u00e9par\u00e9s avec le m\u00eame soin et la m\u00eame attention dans le d\u00e9tail que ceux accord\u00e9s \u00e0 la pr\u00e9paration des produits conventionnels. Les producteurs de lait font l\u2019objet d\u2019une enqu\u00eate minutieuse avant d\u2019\u00eatre retenus et agr\u00e9\u00e9s bio. La laiterie joue un r\u00f4le plus significatif que celui de simplement r\u00e9ceptionner le lait. En effet, elle est impliqu\u00e9e dans tous les aspects de l\u2019\u00e9levage. Les aliments pour animaux, les besoins nutritionnels et les pratiques v\u00e9t\u00e9rinaires font l\u2019objet d\u2019une attention particuli\u00e8re. L\u2019\u00e9quipe scientifique de l\u2019usine consent des efforts importants pour suivre en permanence les nouveaux d\u00e9veloppements dans le domaine du bio, et ces informations sont imm\u00e9diatement transmises aux producteurs laitiers.<br \/>\n<img loading=\"lazy\" decoding=\"async\" class=\"alignnone size-src-1200 wp-image-21\" src=\"https:\/\/roussas.gr\/wp-content\/uploads\/2015\/10\/Roussas_White_Cow_Milk-1200x688.jpg\" alt=\"Roussas White Cow Milk\" width=\"1200\" height=\"688\" srcset=\"https:\/\/www.roussas.gr\/wp-content\/uploads\/2015\/10\/Roussas_White_Cow_Milk-1200x688.jpg 1200w, https:\/\/www.roussas.gr\/wp-content\/uploads\/2015\/10\/Roussas_White_Cow_Milk-300x172.jpg 300w, https:\/\/www.roussas.gr\/wp-content\/uploads\/2015\/10\/Roussas_White_Cow_Milk.jpg 1920w, https:\/\/www.roussas.gr\/wp-content\/uploads\/2015\/10\/Roussas_White_Cow_Milk-640x367.jpg 640w, https:\/\/www.roussas.gr\/wp-content\/uploads\/2015\/10\/Roussas_White_Cow_Milk-960x550.jpg 960w\" sizes=\"auto, (max-width: 1200px) 100vw, 1200px\" \/><\/p>\n<h4>La f\u00e9ta m\u00fbrie en baril<\/h4>\n<p>Dans les d\u00e9cennies pass\u00e9es, \u00e0 l\u2019\u00e9poque o\u00f9 il n\u2019y avait pas de types de conditionnement autres que les mati\u00e8res premi\u00e8res naturelles, comme le bois, le fromage f\u00e9ta m\u00fbrissait traditionnellement et \u00e9tait commercialis\u00e9e dans des barils en bois similaires aux f\u00fbts utilis\u00e9s pour le vin. Cette tradition, bien que tr\u00e8s ancienne, est toujours bien vivante et quelques familles dans un petit village de Gr\u00e8ce du Nord l\u2019ont adopt\u00e9e et produisent des barils en h\u00eatre destin\u00e9s \u00e0 la f\u00e9ta.<br \/>\nLa laiterie est le premier exportateur de f\u00e9ta qui m\u00fbrit en barils de bois de ce type. Apr\u00e8s maturation, le fromage est d\u00e9coup\u00e9 en portions, emball\u00e9 et export\u00e9 pour atteindre chaque amateur de f\u00e9ta authentique, de par le monde. Les consommateurs peuvent trouver notre f\u00e9ta m\u00fbrie en baril dans les rayons gourmets r\u00e9serv\u00e9s aux fromages AOP de qualit\u00e9 sup\u00e9rieure du monde entier, au rayon sp\u00e9cial fromages des d\u00e9taillants.<\/p>\n<p><iframe loading=\"lazy\" title=\"ROUSSAS S.A. BARREL AGED FETA P.D.O. - BARREL OPENING\" width=\"500\" height=\"281\" src=\"https:\/\/www.youtube.com\/embed\/da8V8kAAx5g?start=13&#038;feature=oembed\" frameborder=\"0\" allow=\"accelerometer; autoplay; clipboard-write; encrypted-media; gyroscope; picture-in-picture; web-share\" referrerpolicy=\"strict-origin-when-cross-origin\" allowfullscreen><\/iframe><\/p>\n<p><img loading=\"lazy\" decoding=\"async\" class=\"alignnone wp-image-391 size-full\" src=\"https:\/\/roussas.gr\/wp-content\/uploads\/2015\/10\/Roussas_Feta_Barrel_PDO-1200x688-1.jpg\" alt=\"roussas_feta_barrel_pdo-1200x688\" width=\"1200\" height=\"688\" srcset=\"https:\/\/www.roussas.gr\/wp-content\/uploads\/2015\/10\/Roussas_Feta_Barrel_PDO-1200x688-1.jpg 1200w, https:\/\/www.roussas.gr\/wp-content\/uploads\/2015\/10\/Roussas_Feta_Barrel_PDO-1200x688-1-300x172.jpg 300w, https:\/\/www.roussas.gr\/wp-content\/uploads\/2015\/10\/Roussas_Feta_Barrel_PDO-1200x688-1-768x440.jpg 768w, https:\/\/www.roussas.gr\/wp-content\/uploads\/2015\/10\/Roussas_Feta_Barrel_PDO-1200x688-1-640x367.jpg 640w, https:\/\/www.roussas.gr\/wp-content\/uploads\/2015\/10\/Roussas_Feta_Barrel_PDO-1200x688-1-960x550.jpg 960w\" sizes=\"auto, (max-width: 1200px) 100vw, 1200px\" \/><\/p>\n<h4>Nouveaux produits<\/h4>\n<p>La soci\u00e9t\u00e9 consacre toujours une partie de ses ressources \u00e0 la recherche et d\u00e9veloppement de nouveaux produits ainsi qu\u2019\u00e0 l\u2019am\u00e9lioration de produits existants. Outre les fromages traditionnels et AOP, nous avons r\u00e9cemment d\u00e9velopp\u00e9 une large gamme de nouveaux produits et de variantes de produits qui offrent aux clients l\u2019occasion non seulement de d\u00e9guster de nouvelles saveurs mais aussi de participer au d\u00e9veloppement de produits en apportant leurs propres id\u00e9es.<\/p>\n<p>Roussas spread with Feta and Yogurt.<br \/>\n<img loading=\"lazy\" decoding=\"async\" class=\"alignnone wp-image-395 size-full\" src=\"https:\/\/roussas.gr\/wp-content\/uploads\/2015\/10\/ROUSSAS-spread-with-feta.jpg\" alt=\"roussas-spread-with-feta\" width=\"1200\" height=\"688\" srcset=\"https:\/\/www.roussas.gr\/wp-content\/uploads\/2015\/10\/ROUSSAS-spread-with-feta.jpg 1200w, https:\/\/www.roussas.gr\/wp-content\/uploads\/2015\/10\/ROUSSAS-spread-with-feta-300x172.jpg 300w, https:\/\/www.roussas.gr\/wp-content\/uploads\/2015\/10\/ROUSSAS-spread-with-feta-768x440.jpg 768w, https:\/\/www.roussas.gr\/wp-content\/uploads\/2015\/10\/ROUSSAS-spread-with-feta-640x367.jpg 640w, https:\/\/www.roussas.gr\/wp-content\/uploads\/2015\/10\/ROUSSAS-spread-with-feta-960x550.jpg 960w\" sizes=\"auto, (max-width: 1200px) 100vw, 1200px\" \/><\/p>\n","protected":false},"excerpt":{"rendered":"<p>Bio La laiterie est fi\u00e8re d\u2019avoir adopt\u00e9 les principes de la production biologique d\u00e8s les premiers pas de l\u2019agriculture biologique en Gr\u00e8ce. De nos jours, la production bio devient de plus en plus populaire, les consommateurs \u00e9tant de plus en plus conscients et sensibles sur les proc\u00e9d\u00e9s mis en \u0153uvre pour produire les aliments. Les [&hellip;]<\/p>\n","protected":false},"author":1,"featured_media":180,"parent":0,"menu_order":30,"comment_status":"closed","ping_status":"closed","template":"","meta":{"footnotes":""},"class_list":["post-379","page","type-page","status-publish","has-post-thumbnail","hentry"],"_links":{"self":[{"href":"https:\/\/www.roussas.gr\/fr\/wp-json\/wp\/v2\/pages\/379","targetHints":{"allow":["GET"]}}],"collection":[{"href":"https:\/\/www.roussas.gr\/fr\/wp-json\/wp\/v2\/pages"}],"about":[{"href":"https:\/\/www.roussas.gr\/fr\/wp-json\/wp\/v2\/types\/page"}],"author":[{"embeddable":true,"href":"https:\/\/www.roussas.gr\/fr\/wp-json\/wp\/v2\/users\/1"}],"replies":[{"embeddable":true,"href":"https:\/\/www.roussas.gr\/fr\/wp-json\/wp\/v2\/comments?post=379"}],"version-history":[{"count":6,"href":"https:\/\/www.roussas.gr\/fr\/wp-json\/wp\/v2\/pages\/379\/revisions"}],"predecessor-version":[{"id":536,"href":"https:\/\/www.roussas.gr\/fr\/wp-json\/wp\/v2\/pages\/379\/revisions\/536"}],"wp:featuredmedia":[{"embeddable":true,"href":"https:\/\/www.roussas.gr\/fr\/wp-json\/wp\/v2\/media\/180"}],"wp:attachment":[{"href":"https:\/\/www.roussas.gr\/fr\/wp-json\/wp\/v2\/media?parent=379"}],"curies":[{"name":"wp","href":"https:\/\/api.w.org\/{rel}","templated":true}]}}