{"id":414,"date":"2015-10-10T02:57:28","date_gmt":"2015-10-09T23:57:28","guid":{"rendered":"https:\/\/www.roussas.gr\/fr\/installations\/"},"modified":"2017-01-26T12:41:04","modified_gmt":"2017-01-26T10:41:04","slug":"installations","status":"publish","type":"page","link":"https:\/\/www.roussas.gr\/fr\/installations\/","title":{"rendered":"Installations"},"content":{"rendered":"<p>La laiterie Roussas se trouve \u00e0 Almyros et occupe des installations ultramodernes de 6 500 m2. Toutes les activit\u00e9s (production, stockage du fromage et emballage) y sont r\u00e9alis\u00e9es dans trois b\u00e2timents s\u00e9par\u00e9s. <\/p>\n<p><a class=\"more\" href=\"\/?page_id=424\">view on map<\/a><\/p>\n","protected":false},"excerpt":{"rendered":"<p>La laiterie Roussas se trouve \u00e0 Almyros et occupe des installations ultramodernes de 6 500 m2. Toutes les activit\u00e9s (production, stockage du fromage et emballage) y sont r\u00e9alis\u00e9es dans trois b\u00e2timents s\u00e9par\u00e9s. view on map<\/p>\n","protected":false},"author":1,"featured_media":186,"parent":0,"menu_order":40,"comment_status":"closed","ping_status":"closed","template":"","meta":{"footnotes":""},"class_list":["post-414","page","type-page","status-publish","has-post-thumbnail","hentry"],"_links":{"self":[{"href":"https:\/\/www.roussas.gr\/fr\/wp-json\/wp\/v2\/pages\/414","targetHints":{"allow":["GET"]}}],"collection":[{"href":"https:\/\/www.roussas.gr\/fr\/wp-json\/wp\/v2\/pages"}],"about":[{"href":"https:\/\/www.roussas.gr\/fr\/wp-json\/wp\/v2\/types\/page"}],"author":[{"embeddable":true,"href":"https:\/\/www.roussas.gr\/fr\/wp-json\/wp\/v2\/users\/1"}],"replies":[{"embeddable":true,"href":"https:\/\/www.roussas.gr\/fr\/wp-json\/wp\/v2\/comments?post=414"}],"version-history":[{"count":4,"href":"https:\/\/www.roussas.gr\/fr\/wp-json\/wp\/v2\/pages\/414\/revisions"}],"predecessor-version":[{"id":555,"href":"https:\/\/www.roussas.gr\/fr\/wp-json\/wp\/v2\/pages\/414\/revisions\/555"}],"wp:featuredmedia":[{"embeddable":true,"href":"https:\/\/www.roussas.gr\/fr\/wp-json\/wp\/v2\/media\/186"}],"wp:attachment":[{"href":"https:\/\/www.roussas.gr\/fr\/wp-json\/wp\/v2\/media?parent=414"}],"curies":[{"name":"wp","href":"https:\/\/api.w.org\/{rel}","templated":true}]}}